{"id":89,"date":"2016-02-11T17:28:26","date_gmt":"2016-02-11T17:28:26","guid":{"rendered":"http:\/\/localhost:8888\/portfolio\/?page_id=89"},"modified":"2026-01-11T22:21:21","modified_gmt":"2026-01-11T22:21:21","slug":"about","status":"publish","type":"page","link":"https:\/\/lubobaran.com\/domains\/lubobaran.com\/about\/","title":{"rendered":"<!--ABOUT-->"},"content":{"rendered":"\n<div class=\"only-desktop\"> \n<table>\n  <tr style=\"margin-top:20%;\">\n    \n    <!-- IMAGE COLUMN -->\n    <td valign=\"middle\" style=\"text-align:left;\">\n      <div style=\"width:600px; display:block;\">\n        <figure class=\"wp-block-image size-large is-resized\">\n          <img fetchpriority=\"high\" decoding=\"async\" width=\"686\" height=\"1024\" \n            src=\"https:\/\/lubobaran.com\/domains\/lubobaran.com\/wp-content\/uploads\/2026\/01\/profilova-fotografia-web-686x1024.jpg\" alt=\"\" class=\"wp-image-1280\" style=\"width:500px\"\n srcset=\"https:\/\/lubobaran.com\/domains\/lubobaran.com\/wp-content\/uploads\/2026\/01\/profilova-fotografia-web-686x1024.jpg 686w, https:\/\/lubobaran.com\/domains\/lubobaran.com\/wp-content\/uploads\/2026\/01\/profilova-fotografia-web-201x300.jpg 201w, https:\/\/lubobaran.com\/domains\/lubobaran.com\/wp-content\/uploads\/2026\/01\/profilova-fotografia-web-768x1146.jpg 768w, https:\/\/lubobaran.com\/domains\/lubobaran.com\/wp-content\/uploads\/2026\/01\/profilova-fotografia-web-1030x1536.jpg 1030w, https:\/\/lubobaran.com\/domains\/lubobaran.com\/wp-content\/uploads\/2026\/01\/profilova-fotografia-web-1373x2048.jpg 1373w, https:\/\/lubobaran.com\/domains\/lubobaran.com\/wp-content\/uploads\/2026\/01\/profilova-fotografia-web-scaled.jpg 1716w\" sizes=\"(max-width: 686px) 100vw, 686px\" \/>\n        <\/figure> <\/div>\n    <\/td>\n\n    <!-- TEXT COLUMN -->\n    <td valign=\"middle\" style=\"padding-left:40px; max-width:600px;\">\n      <h4><b>ABOUT<\/b><\/h4>\n\n      <p style=\"text-align:left; margin-bottom:50px;\">\n        \u013dubo Baran is a cinematographer and photographer based in Bratislava.\n        He studied photography<br>at the Private Secondary Art School of Film in Ko\u0161ice\n        and later at the University of St. Cyril and Methodius in Trnava under the guidance of\n        Associate Professor Jozef Sedl\u00e1k, Mgr. Art., and Petra Cepkov\u00e1, Mgr. Art., ArtD.\n        <br>In addition to photography, he has been involved in audiovisual production since 2012.\n      <\/p>\n\n      <div style=\"margin-bottom:20px; color:#aaa;\">\n        <h4><b>O AUTOROVI<\/b><\/h4>\n        <p style=\"text-align:left;\">\n          \u013dubo Baran je kameraman a fotograf, p\u00f4sobiaci v Bratislave.\n          Fotografiu \u0161tudoval<br>na S\u00fakromnej strednej umeleckej \u0161kole filmovej v Ko\u0161iciach\n          a nesk\u00f4r, pod veden\u00edm doc. Mgr. Art. Jozefa Sedl\u00e1ka a Mgr. Art. Petry Cepkovej, ArtD.,\n          na Univerzite sv. Cyrila a Metoda v Trnave.\n          Okrem fotografie sa od roku 2012 venuje aj audiovizu\u00e1lnej tvorbe.\n        <\/p>\n      <\/div>\n\n      <div style=\"margin-bottom:10px;\">\n        <a href=\"https:\/\/www.linkedin.com\/in\/%C4%BEubo-baran-464354304\/\" target=\"_blank\">LinkedIn<\/a>\n      <\/div>\n      <div style=\"margin-bottom:10px;\">\n        <a href=\"https:\/\/www.youtube.com\/@lubobaran\" target=\"_blank\">YouTube<\/a>\n      <\/div>\n      <div style=\"margin-bottom:10px;\">\n        <a href=\"https:\/\/lubobaran.com\/domains\/lubobaran.com\/wp-content\/uploads\/2025\/03\/CV-lubo-baran-2024.pdf\" target=\"_blank\">Download CV<\/a>\n      <\/div>\n      <div style=\"margin-bottom:20px;\">\n        <a href=\"mailto:lubo.baran@icloud.com\">lubo.baran@icloud.com<\/a>\n      <\/div>\n\n    <\/td>\n\n  <\/tr>\n<\/table>\n<\/div>\n\n\n\n\n\n\n\n<div class=\"only-mobile\">\n<figure class=\"wp-block-image size-large is-resized\">\n    <img decoding=\"async\" width=\"686\" height=\"1024\" \n      src=\"https:\/\/lubobaran.com\/domains\/lubobaran.com\/wp-content\/uploads\/2026\/01\/profilova-fotografia-web-686x1024.jpg\"\n      alt=\"\"\n      class=\"wp-image-1280\"\n      style=\"width:500px\"\n srcset=\"https:\/\/lubobaran.com\/domains\/lubobaran.com\/wp-content\/uploads\/2026\/01\/profilova-fotografia-web-686x1024.jpg 686w, https:\/\/lubobaran.com\/domains\/lubobaran.com\/wp-content\/uploads\/2026\/01\/profilova-fotografia-web-201x300.jpg 201w, https:\/\/lubobaran.com\/domains\/lubobaran.com\/wp-content\/uploads\/2026\/01\/profilova-fotografia-web-768x1146.jpg 768w, https:\/\/lubobaran.com\/domains\/lubobaran.com\/wp-content\/uploads\/2026\/01\/profilova-fotografia-web-1030x1536.jpg 1030w, https:\/\/lubobaran.com\/domains\/lubobaran.com\/wp-content\/uploads\/2026\/01\/profilova-fotografia-web-1373x2048.jpg 1373w, https:\/\/lubobaran.com\/domains\/lubobaran.com\/wp-content\/uploads\/2026\/01\/profilova-fotografia-web-scaled.jpg 1716w\" sizes=\"(max-width: 686px) 100vw, 686px\" \/>\n  <\/figure>\n<h4><b>ABOUT<\/b><\/h4>\n  <p style=\"text-align:left; width:80vw; margin-bottom:20px;\">\n    \u013dubo Baran is a cinematographer and photographer based in Bratislava.\n        He studied photography at the Private Secondary Art School of Film in Ko\u0161ice<br>\n        and later at the University of St. Cyril and Methodius in Trnava under the guidance of\n        Associate Professor Jozef Sedl\u00e1k, Mgr. Art., and Petra Cepkov\u00e1, Mgr. Art., ArtD.\n        In addition to photography, he has been involved in audiovisual production since 2012.\n  <\/p>\n\n  <div style=\"margin-bottom:20px; color:#aaa;\">\n    <h4><b>O AUTOROVI<\/b><\/h4>\n    <p style=\"text-align:left;\">\n      \u013dubo Baran je kameraman a fotograf, p\u00f4sobiaci v Bratislave.\n          Fotografiu \u0161tudoval na S\u00fakromnej strednej umeleckej \u0161kole filmovej v Ko\u0161iciach<br>\n          a nesk\u00f4r, pod veden\u00edm doc. Mgr. Art. Jozefa Sedl\u00e1ka a Mgr. Art. Petry Cepkovej, ArtD.,\n          na Univerzite sv. Cyrila a Metoda v Trnave.\n          Okrem fotografie sa od roku 2012 venuje aj audiovizu\u00e1lnej tvorbe.\n    <\/p>\n  <\/div>\n\n  <div style=\"margin-bottom:10px;\">\n    <a href=\"https:\/\/www.linkedin.com\/in\/%C4%BEubo-baran-464354304\/\" target=\"_blank\">LinkedIn<\/a>\n  <\/div>\n  <div style=\"margin-bottom:10px;\">\n    <a href=\"https:\/\/www.youtube.com\/@lubobaran\" target=\"_blank\">YouTube<\/a>\n  <\/div>\n  <div style=\"margin-bottom:10px;\">\n    <a href=\"https:\/\/lubobaran.com\/domains\/lubobaran.com\/wp-content\/uploads\/2025\/03\/CV-lubo-baran-2024.pdf\" target=\"_blank\">Download CV<\/a>\n  <\/div>\n  <div style=\"margin-bottom:20px;\">\n    <a href=\"mailto:lubo.baran@icloud.com\">lubo.baran@icloud.com<\/a>\n  <\/div>\n\n  \n\n<\/div>\n\n\n","protected":false},"excerpt":{"rendered":"<p>ABOUT \u013dubo Baran is a cinematographer and photographer based in Bratislava. He studied photographyat the Private Secondary Art School of Film in Ko\u0161ice and later at the University of St. Cyril and Methodius in Trnava under the guidance of Associate Professor Jozef Sedl\u00e1k, Mgr. Art., and Petra Cepkov\u00e1, Mgr. Art., ArtD. In addition to photography, [&hellip;]<\/p>\n","protected":false},"author":1,"featured_media":0,"parent":0,"menu_order":0,"comment_status":"closed","ping_status":"closed","template":"","meta":{"footnotes":""},"class_list":["post-89","page","type-page","status-publish","hentry"],"_links":{"self":[{"href":"https:\/\/lubobaran.com\/domains\/lubobaran.com\/wp-json\/wp\/v2\/pages\/89","targetHints":{"allow":["GET"]}}],"collection":[{"href":"https:\/\/lubobaran.com\/domains\/lubobaran.com\/wp-json\/wp\/v2\/pages"}],"about":[{"href":"https:\/\/lubobaran.com\/domains\/lubobaran.com\/wp-json\/wp\/v2\/types\/page"}],"author":[{"embeddable":true,"href":"https:\/\/lubobaran.com\/domains\/lubobaran.com\/wp-json\/wp\/v2\/users\/1"}],"replies":[{"embeddable":true,"href":"https:\/\/lubobaran.com\/domains\/lubobaran.com\/wp-json\/wp\/v2\/comments?post=89"}],"version-history":[{"count":64,"href":"https:\/\/lubobaran.com\/domains\/lubobaran.com\/wp-json\/wp\/v2\/pages\/89\/revisions"}],"predecessor-version":[{"id":1309,"href":"https:\/\/lubobaran.com\/domains\/lubobaran.com\/wp-json\/wp\/v2\/pages\/89\/revisions\/1309"}],"wp:attachment":[{"href":"https:\/\/lubobaran.com\/domains\/lubobaran.com\/wp-json\/wp\/v2\/media?parent=89"}],"curies":[{"name":"wp","href":"https:\/\/api.w.org\/{rel}","templated":true}]}}